{"id":1534,"date":"2025-06-04T15:24:56","date_gmt":"2025-06-04T21:24:56","guid":{"rendered":"https:\/\/zacatlan.gob.mx\/boletines\/?page_id=1534"},"modified":"2025-09-24T13:46:30","modified_gmt":"2025-09-24T19:46:30","slug":"quejas-y-sugerencias","status":"publish","type":"page","link":"https:\/\/zacatlan.gob.mx\/boletines\/quejas-y-sugerencias\/","title":{"rendered":"Quejas y sugerencias"},"content":{"rendered":"<p>[vc_row][vc_column]<style id=\"wpforms-css-vars-1545\">\n\t\t\t\t#wpforms-1545 {\n\t\t\t\t\n\t\t\t}\n\t\t\t<\/style><div class=\"wpforms-container wpforms-container-full wpforms-render-modern\" id=\"wpforms-1545\"><form id=\"wpforms-form-1545\" class=\"wpforms-validate wpforms-form wpforms-ajax-form\" data-formid=\"1545\" method=\"post\" enctype=\"multipart\/form-data\" action=\"\/boletines\/wp-json\/wp\/v2\/pages\/1534\" data-token=\"ae9a2f2c59cc9ecfb028f4a66689df4d\" data-token-time=\"1776439752\"><noscript class=\"wpforms-error-noscript\">Por favor, activa JavaScript en tu navegador para completar este formulario.<\/noscript><div id=\"wpforms-error-noscript\" style=\"display: none;\">Por favor, activa JavaScript en tu navegador para completar este formulario.<\/div><div class=\"wpforms-field-container\"><div id=\"wpforms-1545-field_1-container\" class=\"wpforms-field wpforms-field-name\" data-field-id=\"1\"><label class=\"wpforms-field-label\" for=\"wpforms-1545-field_1\">Nombre <span class=\"wpforms-required-label\" aria-hidden=\"true\">*<\/span><\/label><input type=\"text\" id=\"wpforms-1545-field_1\" class=\"wpforms-field-medium wpforms-field-required\" name=\"wpforms[fields][1]\" aria-errormessage=\"wpforms-1545-field_1-error\" required><\/div><div id=\"wpforms-1545-field_2-container\" class=\"wpforms-field wpforms-field-email\" data-field-id=\"2\"><label class=\"wpforms-field-label\" for=\"wpforms-1545-field_2\">Correo electr\u00f3nico<\/label><input type=\"email\" id=\"wpforms-1545-field_2\" class=\"wpforms-field-medium\" name=\"wpforms[fields][2]\" spellcheck=\"false\" aria-errormessage=\"wpforms-1545-field_2-error\" ><\/div><div id=\"wpforms-1545-field_4-container\" class=\"wpforms-field wpforms-field-number\" data-field-id=\"4\"><label class=\"wpforms-field-label\" for=\"wpforms-1545-field_4\">Tel\u00e9fono<\/label><input type=\"number\" id=\"wpforms-1545-field_4\" class=\"wpforms-field-medium\" name=\"wpforms[fields][4]\" step=\"any\" aria-errormessage=\"wpforms-1545-field_4-error\" ><\/div>\t\t<div id=\"wpforms-1545-field_6-container\"\n\t\t\tclass=\"wpforms-field wpforms-field-text\"\n\t\t\tdata-field-type=\"text\"\n\t\t\tdata-field-id=\"6\"\n\t\t\t>\n\t\t\t<label class=\"wpforms-field-label\" for=\"wpforms-1545-field_6\" >Cu\u00e1ndo, Selecciona (Qui\u00e9n,<\/label>\n\t\t\t<input type=\"text\" id=\"wpforms-1545-field_6\" class=\"wpforms-field-medium\" name=\"wpforms[fields][6]\" >\n\t\t<\/div>\n\t\t<div id=\"wpforms-1545-field_5-container\" class=\"wpforms-field wpforms-field-select wpforms-field-select-style-classic\" data-field-id=\"5\"><label class=\"wpforms-field-label\" for=\"wpforms-1545-field_5\">Selecciona una Opci\u00f3n<\/label><select id=\"wpforms-1545-field_5\" class=\"wpforms-field-medium\" name=\"wpforms[fields][5]\"><option value=\"Queja\"  class=\"choice-1 depth-1\"  >Queja<\/option><option value=\"Sugerencia\"  class=\"choice-2 depth-1\"  >Sugerencia<\/option><option value=\"Felicitaci\u00f3n\"  class=\"choice-3 depth-1\"  >Felicitaci\u00f3n<\/option><\/select><\/div><div id=\"wpforms-1545-field_3-container\" class=\"wpforms-field wpforms-field-textarea\" data-field-id=\"3\"><label class=\"wpforms-field-label\" for=\"wpforms-1545-field_3\">Descripci\u00f3n de los Hechos (Qui\u00e9n, C\u00f3mo, Cu\u00e1ndo, D\u00f3nde) <span class=\"wpforms-required-label\" aria-hidden=\"true\">*<\/span><\/label><textarea id=\"wpforms-1545-field_3\" class=\"wpforms-field-medium wpforms-field-required\" name=\"wpforms[fields][3]\" aria-errormessage=\"wpforms-1545-field_3-error\" required><\/textarea><\/div><script>\n\t\t\t\t( function() {\n\t\t\t\t\tconst style = document.createElement( 'style' );\n\t\t\t\t\tstyle.appendChild( document.createTextNode( '#wpforms-1545-field_6-container { position: absolute !important; overflow: hidden !important; display: inline !important; height: 1px !important; width: 1px !important; z-index: -1000 !important; padding: 0 !important; } #wpforms-1545-field_6-container input { visibility: hidden; } #wpforms-conversational-form-page #wpforms-1545-field_6-container label { counter-increment: none; }' ) );\n\t\t\t\t\tdocument.head.appendChild( style );\n\t\t\t\t\tdocument.currentScript?.remove();\n\t\t\t\t} )();\n\t\t\t<\/script><\/div><!-- .wpforms-field-container --><div class=\"wpforms-submit-container\" ><input type=\"hidden\" name=\"wpforms[id]\" value=\"1545\"><input type=\"hidden\" name=\"page_title\" value=\"\"><input type=\"hidden\" name=\"page_url\" value=\"https:\/\/zacatlan.gob.mx\/boletines\/wp-json\/wp\/v2\/pages\/1534\"><input type=\"hidden\" name=\"url_referer\" value=\"\"><button type=\"submit\" name=\"wpforms[submit]\" id=\"wpforms-submit-1545\" class=\"wpforms-submit\" data-alt-text=\"Enviando...\" data-submit-text=\"Enviar\" aria-live=\"assertive\" value=\"wpforms-submit\">Enviar<\/button><img loading=\"lazy\" decoding=\"async\" src=\"https:\/\/zacatlan.gob.mx\/boletines\/wp-content\/plugins\/wpforms-lite\/assets\/images\/submit-spin.svg\" class=\"wpforms-submit-spinner\" style=\"display: none;\" width=\"26\" height=\"26\" alt=\"Cargando\"><\/div><\/form><\/div>  <!-- .wpforms-container -->[\/vc_column][\/vc_row]<\/p>\n","protected":false},"excerpt":{"rendered":"<p>[vc_row][vc_column][\/vc_column][\/vc_row]<\/p>\n","protected":false},"author":1,"featured_media":0,"parent":0,"menu_order":0,"comment_status":"closed","ping_status":"closed","template":"","meta":{"footnotes":""},"class_list":["post-1534","page","type-page","status-publish","hentry"],"_links":{"self":[{"href":"https:\/\/zacatlan.gob.mx\/boletines\/wp-json\/wp\/v2\/pages\/1534","targetHints":{"allow":["GET"]}}],"collection":[{"href":"https:\/\/zacatlan.gob.mx\/boletines\/wp-json\/wp\/v2\/pages"}],"about":[{"href":"https:\/\/zacatlan.gob.mx\/boletines\/wp-json\/wp\/v2\/types\/page"}],"author":[{"embeddable":true,"href":"https:\/\/zacatlan.gob.mx\/boletines\/wp-json\/wp\/v2\/users\/1"}],"replies":[{"embeddable":true,"href":"https:\/\/zacatlan.gob.mx\/boletines\/wp-json\/wp\/v2\/comments?post=1534"}],"version-history":[{"count":12,"href":"https:\/\/zacatlan.gob.mx\/boletines\/wp-json\/wp\/v2\/pages\/1534\/revisions"}],"predecessor-version":[{"id":1552,"href":"https:\/\/zacatlan.gob.mx\/boletines\/wp-json\/wp\/v2\/pages\/1534\/revisions\/1552"}],"wp:attachment":[{"href":"https:\/\/zacatlan.gob.mx\/boletines\/wp-json\/wp\/v2\/media?parent=1534"}],"curies":[{"name":"wp","href":"https:\/\/api.w.org\/{rel}","templated":true}]}}